{"id":2275,"date":"2024-11-04T13:07:37","date_gmt":"2024-11-04T18:07:37","guid":{"rendered":"https:\/\/weblifestudio.com\/index\/?page_id=2275"},"modified":"2025-01-17T10:44:30","modified_gmt":"2025-01-17T15:44:30","slug":"soluciones","status":"publish","type":"page","link":"https:\/\/weblifestudio.com\/index\/soluciones\/","title":{"rendered":"Soluciones"},"content":{"rendered":"\t\t<div data-elementor-type=\"wp-page\" data-elementor-id=\"2275\" class=\"elementor elementor-2275\" data-elementor-post-type=\"page\">\n\t\t\t\t<div class=\"elementor-element elementor-element-9d62358 e-flex e-con-boxed e-con e-parent\" data-id=\"9d62358\" data-element_type=\"container\" data-settings=\"{&quot;background_background&quot;:&quot;classic&quot;}\">\n\t\t\t\t\t<div class=\"e-con-inner\">\n\t\t<div class=\"elementor-element elementor-element-e4722c5 e-flex e-con-boxed e-con e-child\" data-id=\"e4722c5\" data-element_type=\"container\">\n\t\t\t\t\t<div class=\"e-con-inner\">\n\t\t<div class=\"elementor-element elementor-element-6746483 e-con-full e-flex e-con e-child\" data-id=\"6746483\" data-element_type=\"container\">\n\t\t\t\t<div class=\"elementor-element elementor-element-4710878 elementor-widget elementor-widget-heading\" data-id=\"4710878\" data-element_type=\"widget\" data-widget_type=\"heading.default\">\n\t\t\t\t<div class=\"elementor-widget-container\">\n\t\t\t<h2 class=\"elementor-heading-title elementor-size-default\">Soluciones<\/h2>\t\t<\/div>\n\t\t\t\t<\/div>\n\t\t\t\t<\/div>\n\t\t\t\t\t<\/div>\n\t\t\t\t<\/div>\n\t\t<div class=\"elementor-element elementor-element-cbc763d e-con-full e-flex e-con e-child\" data-id=\"cbc763d\" data-element_type=\"container\">\n\t\t\t\t<div class=\"elementor-element elementor-element-2a6e06c elementor-widget elementor-widget-text-editor\" data-id=\"2a6e06c\" data-element_type=\"widget\" data-widget_type=\"text-editor.default\">\n\t\t\t\t<div class=\"elementor-widget-container\">\n\t\t\t\t\t\t\t<p>Nuestras soluciones tecnol\u00f3gicas que marcan la direncia<\/p>\t\t\t\t\t\t<\/div>\n\t\t\t\t<\/div>\n\t\t\t\t<\/div>\n\t\t<div class=\"elementor-element elementor-element-f7eda77 e-con-full e-flex e-con e-child\" data-id=\"f7eda77\" data-element_type=\"container\" data-settings=\"{&quot;background_background&quot;:&quot;classic&quot;}\">\n\t\t\t\t<div class=\"elementor-element elementor-element-b097204 elementor-invisible elementor-widget elementor-widget-image\" data-id=\"b097204\" data-element_type=\"widget\" data-settings=\"{&quot;motion_fx_motion_fx_mouse&quot;:&quot;yes&quot;,&quot;_animation&quot;:&quot;fadeIn&quot;}\" data-widget_type=\"image.default\">\n\t\t\t\t<div class=\"elementor-widget-container\">\n\t\t\t\t\t\t\t\t\t\t\t\t\t<img fetchpriority=\"high\" decoding=\"async\" width=\"768\" height=\"512\" src=\"https:\/\/weblifestudio.com\/index\/wp-content\/uploads\/2024\/10\/img9-768x512.jpeg\" class=\"attachment-medium_large size-medium_large wp-image-1644\" alt=\"\" srcset=\"https:\/\/weblifestudio.com\/index\/wp-content\/uploads\/2024\/10\/img9-768x512.jpeg 768w, https:\/\/weblifestudio.com\/index\/wp-content\/uploads\/2024\/10\/img9-300x200.jpeg 300w, https:\/\/weblifestudio.com\/index\/wp-content\/uploads\/2024\/10\/img9-1024x683.jpeg 1024w, https:\/\/weblifestudio.com\/index\/wp-content\/uploads\/2024\/10\/img9.jpeg 1200w\" sizes=\"(max-width: 768px) 100vw, 768px\" \/>\t\t\t\t\t\t\t\t\t\t\t\t\t<\/div>\n\t\t\t\t<\/div>\n\t\t\t\t<\/div>\n\t\t\t\t\t<\/div>\n\t\t\t\t<\/div>\n\t\t<div class=\"elementor-element elementor-element-b3d9584 e-flex e-con-boxed elementor-invisible e-con e-parent\" data-id=\"b3d9584\" data-element_type=\"container\" data-settings=\"{&quot;background_background&quot;:&quot;classic&quot;,&quot;animation&quot;:&quot;fadeIn&quot;}\">\n\t\t\t\t\t<div class=\"e-con-inner\">\n\t\t<div class=\"elementor-element elementor-element-1056f10 e-con-full e-flex e-con e-child\" data-id=\"1056f10\" data-element_type=\"container\">\n\t\t\t\t<div class=\"elementor-element elementor-element-2cf6291 elementor-widget elementor-widget-heading\" data-id=\"2cf6291\" data-element_type=\"widget\" data-widget_type=\"heading.default\">\n\t\t\t\t<div class=\"elementor-widget-container\">\n\t\t\t<h3 class=\"elementor-heading-title elementor-size-default\">Servicio al Cliente<\/h3>\t\t<\/div>\n\t\t\t\t<\/div>\n\t\t\t\t<div class=\"elementor-element elementor-element-83a1ef7 elementor-widget elementor-widget-text-editor\" data-id=\"83a1ef7\" data-element_type=\"widget\" data-widget_type=\"text-editor.default\">\n\t\t\t\t<div class=\"elementor-widget-container\">\n\t\t\t\t\t\t\t<p>Ofrecemos soluciones para optimizar la atenci\u00f3n al cliente, facilitando una comunicaci\u00f3n \u00e1gil y efectiva en m\u00faltiples canales, mejorando la experiencia, satisfacci\u00f3n y fidelizaci\u00f3n de los usuarios.<\/p>\t\t\t\t\t\t<\/div>\n\t\t\t\t<\/div>\n\t\t\t\t<div class=\"elementor-element elementor-element-871b6e5 elementor-tablet-align-center elementor-widget__width-initial elementor-mobile-align-left elementor-widget elementor-widget-button\" data-id=\"871b6e5\" data-element_type=\"widget\" data-widget_type=\"button.default\">\n\t\t\t\t<div class=\"elementor-widget-container\">\n\t\t\t\t\t\t\t<div class=\"elementor-button-wrapper\">\n\t\t\t\t\t<a class=\"elementor-button elementor-button-link elementor-size-sm\" href=\"https:\/\/weblifestudio.com\/index\/servicio-al-cliente-2\/\">\n\t\t\t\t\t\t<span class=\"elementor-button-content-wrapper\">\n\t\t\t\t\t\t\t\t\t<span class=\"elementor-button-text\">Ver m\u00e1s<\/span>\n\t\t\t\t\t<\/span>\n\t\t\t\t\t<\/a>\n\t\t\t\t<\/div>\n\t\t\t\t\t\t<\/div>\n\t\t\t\t<\/div>\n\t\t\t\t<\/div>\n\t\t<div class=\"elementor-element elementor-element-4d756c9 e-con-full e-flex e-con e-child\" data-id=\"4d756c9\" data-element_type=\"container\">\n\t\t\t\t<div class=\"elementor-element elementor-element-209723d elementor-widget elementor-widget-heading\" data-id=\"209723d\" data-element_type=\"widget\" data-widget_type=\"heading.default\">\n\t\t\t\t<div class=\"elementor-widget-container\">\n\t\t\t<h2 class=\"elementor-heading-title elementor-size-default\">Cobranzas<\/h2>\t\t<\/div>\n\t\t\t\t<\/div>\n\t\t\t\t<div class=\"elementor-element elementor-element-9803d9e elementor-widget elementor-widget-text-editor\" data-id=\"9803d9e\" data-element_type=\"widget\" data-widget_type=\"text-editor.default\">\n\t\t\t\t<div class=\"elementor-widget-container\">\n\t\t\t\t\t\t\t<p>Nuestro gestor de cobranzas facilita el manejo eficiente de las cuentas por cobrar mediante seguimiento avanzado, notificaciones autom\u00e1ticas e informes detallados, mejorando la recuperaci\u00f3n de pagos y reduciendo la morosidad.<\/p>\t\t\t\t\t\t<\/div>\n\t\t\t\t<\/div>\n\t\t\t\t<div class=\"elementor-element elementor-element-704ded9 elementor-tablet-align-center elementor-widget__width-initial elementor-mobile-align-left elementor-widget elementor-widget-button\" data-id=\"704ded9\" data-element_type=\"widget\" data-widget_type=\"button.default\">\n\t\t\t\t<div class=\"elementor-widget-container\">\n\t\t\t\t\t\t\t<div class=\"elementor-button-wrapper\">\n\t\t\t\t\t<a class=\"elementor-button elementor-button-link elementor-size-sm\" href=\"https:\/\/weblifestudio.com\/index\/cobranzas-2\/\">\n\t\t\t\t\t\t<span class=\"elementor-button-content-wrapper\">\n\t\t\t\t\t\t\t\t\t<span class=\"elementor-button-text\">Ver m\u00e1s<\/span>\n\t\t\t\t\t<\/span>\n\t\t\t\t\t<\/a>\n\t\t\t\t<\/div>\n\t\t\t\t\t\t<\/div>\n\t\t\t\t<\/div>\n\t\t\t\t<\/div>\n\t\t<div class=\"elementor-element elementor-element-de06a33 e-con-full e-flex e-con e-child\" data-id=\"de06a33\" data-element_type=\"container\">\n\t\t\t\t<div class=\"elementor-element elementor-element-9690aad elementor-widget elementor-widget-heading\" data-id=\"9690aad\" data-element_type=\"widget\" data-widget_type=\"heading.default\">\n\t\t\t\t<div class=\"elementor-widget-container\">\n\t\t\t<h2 class=\"elementor-heading-title elementor-size-default\">Desarollo de p\u00e1ginas Web<\/h2>\t\t<\/div>\n\t\t\t\t<\/div>\n\t\t\t\t<div class=\"elementor-element elementor-element-8dfbd38 elementor-widget elementor-widget-text-editor\" data-id=\"8dfbd38\" data-element_type=\"widget\" data-widget_type=\"text-editor.default\">\n\t\t\t\t<div class=\"elementor-widget-container\">\n\t\t\t\t\t\t\t<p>Creamos sitios web personalizados y optimizados para destacar en el entorno digital, combinando dise\u00f1o visual impactante y funcionalidad robusta para mejorar la experiencia del usuario y potenciar tu presencia online seg\u00fan tus objetivos comerciales.<\/p>\t\t\t\t\t\t<\/div>\n\t\t\t\t<\/div>\n\t\t\t\t<div class=\"elementor-element elementor-element-425532b elementor-tablet-align-center elementor-widget__width-initial elementor-mobile-align-left elementor-widget elementor-widget-button\" data-id=\"425532b\" data-element_type=\"widget\" data-widget_type=\"button.default\">\n\t\t\t\t<div class=\"elementor-widget-container\">\n\t\t\t\t\t\t\t<div class=\"elementor-button-wrapper\">\n\t\t\t\t\t<a class=\"elementor-button elementor-button-link elementor-size-sm\" href=\"https:\/\/weblifestudio.com\/index\/contactanos\/\">\n\t\t\t\t\t\t<span class=\"elementor-button-content-wrapper\">\n\t\t\t\t\t\t\t\t\t<span class=\"elementor-button-text\">CONT\u00e1CTANOS<\/span>\n\t\t\t\t\t<\/span>\n\t\t\t\t\t<\/a>\n\t\t\t\t<\/div>\n\t\t\t\t\t\t<\/div>\n\t\t\t\t<\/div>\n\t\t\t\t<\/div>\n\t\t\t\t\t<\/div>\n\t\t\t\t<\/div>\n\t\t\t\t<\/div>\n\t\t","protected":false},"excerpt":{"rendered":"<p>Soluciones Nuestras soluciones tecnol\u00f3gicas que marcan la direncia Servicio al Cliente Ofrecemos soluciones para optimizar la atenci\u00f3n al cliente, facilitando una comunicaci\u00f3n \u00e1gil y efectiva en m\u00faltiples canales, mejorando la experiencia, satisfacci\u00f3n y fidelizaci\u00f3n de los usuarios. Ver m\u00e1s Cobranzas Nuestro gestor de cobranzas facilita el manejo eficiente de las cuentas por cobrar mediante seguimiento [&hellip;]<\/p>\n","protected":false},"author":2,"featured_media":0,"parent":0,"menu_order":0,"comment_status":"closed","ping_status":"closed","template":"","meta":{"inline_featured_image":false,"footnotes":""},"class_list":["post-2275","page","type-page","status-publish","hentry"],"blocksy_meta":[],"_links":{"self":[{"href":"https:\/\/weblifestudio.com\/index\/wp-json\/wp\/v2\/pages\/2275","targetHints":{"allow":["GET"]}}],"collection":[{"href":"https:\/\/weblifestudio.com\/index\/wp-json\/wp\/v2\/pages"}],"about":[{"href":"https:\/\/weblifestudio.com\/index\/wp-json\/wp\/v2\/types\/page"}],"author":[{"embeddable":true,"href":"https:\/\/weblifestudio.com\/index\/wp-json\/wp\/v2\/users\/2"}],"replies":[{"embeddable":true,"href":"https:\/\/weblifestudio.com\/index\/wp-json\/wp\/v2\/comments?post=2275"}],"version-history":[{"count":46,"href":"https:\/\/weblifestudio.com\/index\/wp-json\/wp\/v2\/pages\/2275\/revisions"}],"predecessor-version":[{"id":2734,"href":"https:\/\/weblifestudio.com\/index\/wp-json\/wp\/v2\/pages\/2275\/revisions\/2734"}],"wp:attachment":[{"href":"https:\/\/weblifestudio.com\/index\/wp-json\/wp\/v2\/media?parent=2275"}],"curies":[{"name":"wp","href":"https:\/\/api.w.org\/{rel}","templated":true}]}}